{"id":337099,"date":"2024-11-11T00:24:15","date_gmt":"2024-11-11T00:24:15","guid":{"rendered":"https:\/\/annabelbetriu.com\/?page_id=337099"},"modified":"2025-11-24T12:50:58","modified_gmt":"2025-11-24T12:50:58","slug":"annabel","status":"publish","type":"page","link":"https:\/\/annabelbetriu.com\/cast\/annabel\/","title":{"rendered":"Annabel"},"content":{"rendered":"<p>[et_pb_section fb_built=&#8221;1&#8243; _builder_version=&#8221;4.27.4&#8243; _module_preset=&#8221;default&#8221; background_image=&#8221;https:\/\/annabelbetriu.com\/wp-content\/uploads\/2024\/12\/Portada-Annabel-Betriu.jpg&#8221; height=&#8221;800px&#8221; global_colors_info=&#8221;{}&#8221;][et_pb_row _builder_version=&#8221;4.27.2&#8243; _module_preset=&#8221;default&#8221; global_colors_info=&#8221;{}&#8221;][et_pb_column type=&#8221;4_4&#8243; _builder_version=&#8221;4.27.2&#8243; _module_preset=&#8221;default&#8221; global_colors_info=&#8221;{}&#8221;][\/et_pb_column][\/et_pb_row][\/et_pb_section][et_pb_section fb_built=&#8221;1&#8243; _builder_version=&#8221;4.27.2&#8243; _module_preset=&#8221;default&#8221; background_color=&#8221;#F6F1E9&#8243; custom_padding=&#8221;||5px|||&#8221; global_colors_info=&#8221;{}&#8221;][et_pb_row _builder_version=&#8221;4.27.2&#8243; _module_preset=&#8221;default&#8221; max_width=&#8221;1100px&#8221; global_colors_info=&#8221;{}&#8221;][et_pb_column type=&#8221;4_4&#8243; _builder_version=&#8221;4.27.2&#8243; _module_preset=&#8221;default&#8221; global_colors_info=&#8221;{}&#8221;][et_pb_text _builder_version=&#8221;4.27.2&#8243; _module_preset=&#8221;default&#8221; text_font=&#8221;&#8211;et_global_heading_font||||||||&#8221; text_text_color=&#8221;#FFFFFF&#8221; text_font_size=&#8221;1.2em&#8221; background_color=&#8221;#7A9DA2&#8243; text_orientation=&#8221;center&#8221; custom_padding=&#8221;50px||50px||true|false&#8221; global_colors_info=&#8221;{}&#8221;]<\/p>\n<p>Soc l\u2019Annabel i t\u2019acompanyo a transitar moments dif\u00edcils<br \/>per sentir-te m\u00e9s segura de tu mateixa i valuosa.<\/p>\n<p>[\/et_pb_text][\/et_pb_column][\/et_pb_row][et_pb_row _builder_version=&#8221;4.27.2&#8243; _module_preset=&#8221;default&#8221; max_width=&#8221;1100px&#8221; global_colors_info=&#8221;{}&#8221;][et_pb_column type=&#8221;4_4&#8243; _builder_version=&#8221;4.27.2&#8243; _module_preset=&#8221;default&#8221; global_colors_info=&#8221;{}&#8221;][et_pb_text _builder_version=&#8221;4.27.2&#8243; _module_preset=&#8221;default&#8221; text_font=&#8221;&#8211;et_global_heading_font||||||||&#8221; text_text_color=&#8221;#7A9DA2&#8243; text_font_size=&#8221;1.2em&#8221; text_orientation=&#8221;center&#8221; custom_padding=&#8221;20px||20px||true|false&#8221; global_colors_info=&#8221;{}&#8221;]<\/p>\n<p>T\u2019ofereixo un espai que sigui refugi on acompanyar-te des de la compassi\u00f3,<br \/>la seguretat i el respecte per superar moments dif\u00edcils i cr\u00e9ixer.<\/p>\n<p>[\/et_pb_text][\/et_pb_column][\/et_pb_row][et_pb_row column_structure=&#8221;1_2,1_2&#8243; use_custom_gutter=&#8221;on&#8221; gutter_width=&#8221;2&#8243; make_equal=&#8221;on&#8221; _builder_version=&#8221;4.27.2&#8243; _module_preset=&#8221;default&#8221; max_width=&#8221;1100px&#8221; global_colors_info=&#8221;{}&#8221;][et_pb_column type=&#8221;1_2&#8243; _builder_version=&#8221;4.27.2&#8243; _module_preset=&#8221;default&#8221; background_image=&#8221;https:\/\/annabelbetriu.com\/wp-content\/uploads\/2024\/11\/Annabel_-scaled.jpg&#8221; custom_padding=&#8221;||||false|false&#8221; global_colors_info=&#8221;{}&#8221;][et_pb_divider show_divider=&#8221;off&#8221; _builder_version=&#8221;4.27.2&#8243; _module_preset=&#8221;default&#8221; height=&#8221;480px&#8221; global_colors_info=&#8221;{}&#8221;][\/et_pb_divider][et_pb_image src=&#8221;https:\/\/annabelbetriu.com\/wp-content\/uploads\/2024\/11\/isologo.svg&#8221; title_text=&#8221;isologo&#8221; align=&#8221;center&#8221; _builder_version=&#8221;4.27.2&#8243; _module_preset=&#8221;default&#8221; module_alignment=&#8221;center&#8221; height=&#8221;100px&#8221; custom_margin=&#8221;-130px||0px||false|false&#8221; custom_padding=&#8221;||20px||false|false&#8221; global_colors_info=&#8221;{}&#8221;][\/et_pb_image][\/et_pb_column][et_pb_column type=&#8221;1_2&#8243; _builder_version=&#8221;4.27.2&#8243; _module_preset=&#8221;default&#8221; global_colors_info=&#8221;{}&#8221;][et_pb_text _builder_version=&#8221;4.27.3&#8243; _module_preset=&#8221;default&#8221; text_font=&#8221;&#8211;et_global_heading_font||||||||&#8221; text_text_color=&#8221;#807064&#8243; positioning=&#8221;absolute&#8221; position_origin_a=&#8221;center_center&#8221; position_origin_a_tablet=&#8221;center_center&#8221; position_origin_a_phone=&#8221;center_center&#8221; position_origin_a_last_edited=&#8221;on|desktop&#8221; position_origin_f_tablet=&#8221;&#8221; position_origin_f_phone=&#8221;&#8221; position_origin_f_last_edited=&#8221;on|desktop&#8221; position_origin_r_tablet=&#8221;&#8221; position_origin_r_phone=&#8221;&#8221; position_origin_r_last_edited=&#8221;on|desktop&#8221; width=&#8221;100%&#8221; positioning_tablet=&#8221;none&#8221; positioning_phone=&#8221;none&#8221; positioning_last_edited=&#8221;on|tablet&#8221; global_colors_info=&#8221;{}&#8221;]<\/p>\n<p><strong>He sigut testimoni de com el proc\u00e9s de ter\u00e0pia recolza, genera canvis i transforma. \u00a0Crec en la capacitat de resili\u00e8ncia i en el teu valor com a persona<\/strong> i en aquest espai, pots potenciar-la i desenvolupar-la, per aix\u00ed, trobar el canvi que necessitis.<\/p>\n<p>[\/et_pb_text][\/et_pb_column][\/et_pb_row][\/et_pb_section][et_pb_section fb_built=&#8221;1&#8243; _builder_version=&#8221;4.27.2&#8243; _module_preset=&#8221;default&#8221; background_color=&#8221;#FFFFFF&#8221; height=&#8221;500px&#8221; height_tablet=&#8221;500px&#8221; height_phone=&#8221;auto&#8221; height_last_edited=&#8221;on|phone&#8221; custom_margin=&#8221;||||false|false&#8221; custom_padding=&#8221;10px||||false|false&#8221; global_colors_info=&#8221;{}&#8221;][et_pb_row column_structure=&#8221;1_2,1_2&#8243; make_equal=&#8221;on&#8221; _builder_version=&#8221;4.27.4&#8243; _module_preset=&#8221;default&#8221; max_width=&#8221;1100px&#8221; global_colors_info=&#8221;{}&#8221;][et_pb_column type=&#8221;1_2&#8243; _builder_version=&#8221;4.27.2&#8243; _module_preset=&#8221;default&#8221; background_enable_image=&#8221;off&#8221; global_colors_info=&#8221;{}&#8221;][et_pb_text _builder_version=&#8221;4.27.3&#8243; _module_preset=&#8221;default&#8221; text_font=&#8221;&#8211;et_global_heading_font||||||||&#8221; text_text_color=&#8221;#807064&#8243; global_colors_info=&#8221;{}&#8221;]<\/p>\n<p>Vaig n\u00e9ixer en un petit gran pa\u00eds, Andorra i vaig cr\u00e9ixer envoltada de naturalesa. Vaig haver de deixar el meu lloc segur per estudiar a Barcelona que \u00e9s on durant dotze anys m&#8217;he estat construint com a psic\u00f2loga.<\/p>\n<p>En aquests anys, he navegat en moments dif\u00edcils, he hagut d&#8217;afrontar canvis i p\u00e8rdues que m&#8217;han fet cr\u00e9ixer, aprendre i m&#8217;han ajudat a <strong>descobrir la resili\u00e8ncia<\/strong>.<\/p>\n<p>Ara, de nou, des del meu lloc segur i les meves arrels, neix aquest espai amb la idea que pugui ser un refugi per a tu, com Andorra ho \u00e9s per a mi. Desitjo que la llavor que he estat cuidant tot aquest temps continu\u00ef creixent.<\/p>\n<p><span style=\"font-size: large;\"><strong>L&#8217;escolta, la comprensi\u00f3 i l&#8217;ajuda<\/strong> als altres ha estat present en mi des que era petita.<\/span><\/p>\n<p>[\/et_pb_text][\/et_pb_column][et_pb_column type=&#8221;1_2&#8243; _builder_version=&#8221;4.27.4&#8243; _module_preset=&#8221;default&#8221; background_image=&#8221;https:\/\/annabelbetriu.com\/wp-content\/uploads\/2024\/12\/Sobre-mi-Annabel-Betriu.jpg&#8221; background_position=&#8221;top_center&#8221; global_colors_info=&#8221;{}&#8221;][et_pb_divider show_divider=&#8221;off&#8221; _builder_version=&#8221;4.27.2&#8243; _module_preset=&#8221;default&#8221; height=&#8221;500px&#8221; global_colors_info=&#8221;{}&#8221;][\/et_pb_divider][\/et_pb_column][\/et_pb_row][\/et_pb_section][et_pb_section fb_built=&#8221;1&#8243; disabled_on=&#8221;on|on|off&#8221; _builder_version=&#8221;4.27.2&#8243; _module_preset=&#8221;default&#8221; background_color=&#8221;#F6F1E9&#8243; height=&#8221;100px&#8221; global_colors_info=&#8221;{}&#8221;][et_pb_row _builder_version=&#8221;4.27.2&#8243; _module_preset=&#8221;default&#8221; global_colors_info=&#8221;{}&#8221;][et_pb_column type=&#8221;4_4&#8243; _builder_version=&#8221;4.27.2&#8243; _module_preset=&#8221;default&#8221; global_colors_info=&#8221;{}&#8221;][\/et_pb_column][\/et_pb_row][\/et_pb_section][et_pb_section fb_built=&#8221;1&#8243; _builder_version=&#8221;4.27.2&#8243; _module_preset=&#8221;default&#8221; background_color=&#8221;#EDEFF1&#8243; custom_padding=&#8221;60px|||||&#8221; global_colors_info=&#8221;{}&#8221;][et_pb_row column_structure=&#8221;1_2,1_2&#8243; use_custom_gutter=&#8221;on&#8221; gutter_width=&#8221;2&#8243; _builder_version=&#8221;4.27.2&#8243; _module_preset=&#8221;default&#8221; max_width=&#8221;1100px&#8221; global_colors_info=&#8221;{}&#8221;][et_pb_column type=&#8221;1_2&#8243; _builder_version=&#8221;4.27.2&#8243; _module_preset=&#8221;default&#8221; global_colors_info=&#8221;{}&#8221;][et_pb_text _builder_version=&#8221;4.27.3&#8243; _module_preset=&#8221;default&#8221; text_font=&#8221;&#8211;et_global_heading_font||||||||&#8221; text_text_color=&#8221;#7A9DA2&#8243; global_colors_info=&#8221;{}&#8221;]<\/p>\n<p>M\u2019agrada mirar el m\u00f3n amb amabilitat i curiositat sent molt conscient de la responsabilitat que tinc, i per aix\u00f2 m&#8217;esfor\u00e7o a continuar aprenent, formant-me i creixent com a professional.<\/p>\n<p>[\/et_pb_text][et_pb_image src=&#8221;https:\/\/annabelbetriu.com\/wp-content\/uploads\/2024\/11\/Servicios_esquema-13.svg&#8221; title_text=&#8221;Servicios_esquema-13&#8243; _builder_version=&#8221;4.27.2&#8243; _module_preset=&#8221;default&#8221; max_width=&#8221;230px&#8221; module_alignment=&#8221;center&#8221; custom_margin=&#8221;35px|||||&#8221; global_colors_info=&#8221;{}&#8221;][\/et_pb_image][\/et_pb_column][et_pb_column type=&#8221;1_2&#8243; _builder_version=&#8221;4.27.2&#8243; _module_preset=&#8221;default&#8221; global_colors_info=&#8221;{}&#8221;][et_pb_text _builder_version=&#8221;4.27.2&#8243; _module_preset=&#8221;default&#8221; header_font=&#8221;&#8211;et_global_body_font||||||||&#8221; header_3_font=&#8221;&#8211;et_global_body_font||||||||&#8221; header_3_text_color=&#8221;#807064&#8243; global_colors_info=&#8221;{}&#8221;]<\/p>\n<h3>M\u00e9s de 9 anys de formaci\u00f3<\/h3>\n<p>[\/et_pb_text][et_pb_text module_class=&#8221;bullets-personalizado3&#8243; _builder_version=&#8221;4.27.4&#8243; _module_preset=&#8221;default&#8221; text_font=&#8221;&#8211;et_global_heading_font||||||||&#8221; text_text_color=&#8221;#7A9DA2&#8243; hover_enabled=&#8221;0&#8243; global_colors_info=&#8221;{}&#8221; sticky_enabled=&#8221;0&#8243;]<\/p>\n<ul>\n<li>Psicoter\u00e0pia Sensoriomotriu (Nivell 1).<\/li>\n<li>Graduada en Psicologia, menci\u00f3 en Psicologia de la Salut (Universitat de Barcelona).<\/li>\n<li>M\u00e0ster de Psicologia General Sanit\u00e0ria (Universitat de Barcelona).<\/li>\n<li>Preparaci\u00f3 per l\u2019examen PIR on vaig adquirir coneixements avan\u00e7ats en psicopatologia, avaluaci\u00f3 i intervenci\u00f3 psicol\u00f2gica.<\/li>\n<li>Formaci\u00f3 en Estimulaci\u00f3 Bilateral (TEBB) i Nivell I EMDR.<\/li>\n<li>Formaci\u00f3 i experi\u00e8ncia en processos de Dol.<\/li>\n<li>Formaci\u00f3 i experi\u00e8ncia en Trauma.<\/li>\n<li>Formaci\u00f3 i experi\u00e8ncia Trastorns Alimentaris.<\/li>\n<\/ul>\n<p>[\/et_pb_text][\/et_pb_column][\/et_pb_row][\/et_pb_section][et_pb_section fb_built=&#8221;1&#8243; _builder_version=&#8221;4.27.2&#8243; _module_preset=&#8221;default&#8221; global_colors_info=&#8221;{}&#8221;][et_pb_row column_structure=&#8221;1_4,1_4,1_4,1_4&#8243; use_custom_gutter=&#8221;on&#8221; gutter_width=&#8221;1&#8243; disabled_on=&#8221;on|on|off&#8221; _builder_version=&#8221;4.27.2&#8243; _module_preset=&#8221;default&#8221; max_width=&#8221;1100px&#8221; custom_padding=&#8221;0px||||false|false&#8221; global_colors_info=&#8221;{}&#8221;][et_pb_column type=&#8221;1_4&#8243; _builder_version=&#8221;4.27.2&#8243; _module_preset=&#8221;default&#8221; global_colors_info=&#8221;{}&#8221;][et_pb_image src=&#8221;https:\/\/annabelbetriu.com\/wp-content\/uploads\/2024\/11\/Servicios_esquem-10.svg&#8221; title_text=&#8221;Servicios_esquem-10&#8243; _builder_version=&#8221;4.27.2&#8243; _module_preset=&#8221;default&#8221; animation_style=&#8221;slide&#8221; animation_direction=&#8221;bottom&#8221; global_colors_info=&#8221;{}&#8221;][\/et_pb_image][et_pb_image src=&#8221;https:\/\/annabelbetriu.com\/wp-content\/uploads\/2024\/11\/linea_divisoria-3.svg&#8221; title_text=&#8221;linea_divisoria&#8221; _builder_version=&#8221;4.27.2&#8243; _module_preset=&#8221;default&#8221; transform_scale=&#8221;144%|100%&#8221; transform_scale_linked=&#8221;off&#8221; transform_translate=&#8221;44px|0px&#8221; transform_translate_linked=&#8221;off&#8221; height=&#8221;10px&#8221; custom_margin=&#8221;-23px|||130px|false|false&#8221; animation_style=&#8221;slide&#8221; animation_direction=&#8221;bottom&#8221; global_colors_info=&#8221;{}&#8221;][\/et_pb_image][\/et_pb_column][et_pb_column type=&#8221;1_4&#8243; _builder_version=&#8221;4.27.2&#8243; _module_preset=&#8221;default&#8221; global_colors_info=&#8221;{}&#8221;][et_pb_image src=&#8221;https:\/\/annabelbetriu.com\/wp-content\/uploads\/2024\/11\/Servicios_esquema-11.svg&#8221; title_text=&#8221;Servicios_esquema-11&#8243; _builder_version=&#8221;4.27.2&#8243; _module_preset=&#8221;default&#8221; animation_style=&#8221;slide&#8221; animation_direction=&#8221;bottom&#8221; global_colors_info=&#8221;{}&#8221;][\/et_pb_image][et_pb_image src=&#8221;https:\/\/annabelbetriu.com\/wp-content\/uploads\/2024\/11\/linea_divisoria-3.svg&#8221; title_text=&#8221;linea_divisoria&#8221; _builder_version=&#8221;4.27.2&#8243; _module_preset=&#8221;default&#8221; transform_scale=&#8221;144%|100%&#8221; transform_scale_linked=&#8221;off&#8221; transform_translate=&#8221;44px|0px&#8221; transform_translate_linked=&#8221;off&#8221; height=&#8221;10px&#8221; custom_margin=&#8221;-23px|||130px|false|false&#8221; animation_style=&#8221;slide&#8221; animation_direction=&#8221;bottom&#8221; global_colors_info=&#8221;{}&#8221;][\/et_pb_image][\/et_pb_column][et_pb_column type=&#8221;1_4&#8243; _builder_version=&#8221;4.27.2&#8243; _module_preset=&#8221;default&#8221; global_colors_info=&#8221;{}&#8221;][et_pb_image src=&#8221;https:\/\/annabelbetriu.com\/wp-content\/uploads\/2024\/11\/Servicios_esquema-12.svg&#8221; title_text=&#8221;Servicios_esquema-12&#8243; _builder_version=&#8221;4.27.3&#8243; _module_preset=&#8221;default&#8221; animation_style=&#8221;slide&#8221; animation_direction=&#8221;bottom&#8221; global_colors_info=&#8221;{}&#8221;][\/et_pb_image][et_pb_image src=&#8221;https:\/\/annabelbetriu.com\/wp-content\/uploads\/2024\/11\/linea_divisoria-3.svg&#8221; title_text=&#8221;linea_divisoria&#8221; _builder_version=&#8221;4.27.2&#8243; _module_preset=&#8221;default&#8221; transform_scale=&#8221;144%|100%&#8221; transform_scale_linked=&#8221;off&#8221; transform_translate=&#8221;44px|0px&#8221; transform_translate_linked=&#8221;off&#8221; height=&#8221;10px&#8221; custom_margin=&#8221;-23px|||130px|false|false&#8221; animation_style=&#8221;slide&#8221; animation_direction=&#8221;bottom&#8221; global_colors_info=&#8221;{}&#8221;][\/et_pb_image][\/et_pb_column][et_pb_column type=&#8221;1_4&#8243; _builder_version=&#8221;4.27.2&#8243; _module_preset=&#8221;default&#8221; global_colors_info=&#8221;{}&#8221;][et_pb_image src=&#8221;https:\/\/annabelbetriu.com\/wp-content\/uploads\/2024\/11\/Servicios_esquema-13.svg&#8221; title_text=&#8221;Servicios_esquema-13&#8243; _builder_version=&#8221;4.27.2&#8243; _module_preset=&#8221;default&#8221; animation_style=&#8221;slide&#8221; animation_direction=&#8221;bottom&#8221; global_colors_info=&#8221;{}&#8221;][\/et_pb_image][\/et_pb_column][\/et_pb_row][et_pb_row disabled_on=&#8221;off|off|on&#8221; _builder_version=&#8221;4.27.2&#8243; _module_preset=&#8221;default&#8221; global_colors_info=&#8221;{}&#8221;][et_pb_column type=&#8221;4_4&#8243; _builder_version=&#8221;4.27.2&#8243; _module_preset=&#8221;default&#8221; global_colors_info=&#8221;{}&#8221;][et_pb_image src=&#8221;https:\/\/annabelbetriu.com\/wp-content\/uploads\/2024\/11\/esquema1.svg&#8221; title_text=&#8221;esquema1&#8243; align=&#8221;center&#8221; _builder_version=&#8221;4.27.2&#8243; _module_preset=&#8221;default&#8221; module_alignment=&#8221;center&#8221; height=&#8221;16px&#8221; custom_margin=&#8221;||0px||false|false&#8221; custom_padding=&#8221;||||false|false&#8221; global_colors_info=&#8221;{}&#8221;][\/et_pb_image][et_pb_image src=&#8221;https:\/\/annabelbetriu.com\/wp-content\/uploads\/2024\/11\/linea_vertical.svg&#8221; title_text=&#8221;linea_vertical&#8221; _builder_version=&#8221;4.27.2&#8243; _module_preset=&#8221;default&#8221; max_width=&#8221;1px&#8221; module_alignment=&#8221;center&#8221; height=&#8221;160px&#8221; custom_margin=&#8221;0px||20px||false|false&#8221; custom_padding=&#8221;0px||0px||false|false&#8221; global_colors_info=&#8221;{}&#8221;][\/et_pb_image][et_pb_image src=&#8221;https:\/\/annabelbetriu.com\/wp-content\/uploads\/2024\/11\/esquema2.svg&#8221; title_text=&#8221;esquema2&#8243; align=&#8221;center&#8221; _builder_version=&#8221;4.27.2&#8243; _module_preset=&#8221;default&#8221; height=&#8221;26px&#8221; custom_margin=&#8221;||0px||false|false&#8221; custom_padding=&#8221;||||false|false&#8221; global_colors_info=&#8221;{}&#8221;][\/et_pb_image][et_pb_image src=&#8221;https:\/\/annabelbetriu.com\/wp-content\/uploads\/2024\/11\/linea_vertical.svg&#8221; title_text=&#8221;linea_vertical&#8221; _builder_version=&#8221;4.27.2&#8243; _module_preset=&#8221;default&#8221; max_width=&#8221;1px&#8221; module_alignment=&#8221;center&#8221; height=&#8221;160px&#8221; custom_margin=&#8221;0px||20px||false|false&#8221; custom_padding=&#8221;0px||0px||false|false&#8221; global_colors_info=&#8221;{}&#8221;][\/et_pb_image][et_pb_image src=&#8221;https:\/\/annabelbetriu.com\/wp-content\/uploads\/2024\/11\/ESQUEMA2.svg&#8221; title_text=&#8221;ESQUEMA2&#8243; align=&#8221;center&#8221; _builder_version=&#8221;4.27.4&#8243; _module_preset=&#8221;default&#8221; module_alignment=&#8221;center&#8221; height=&#8221;187px&#8221; custom_margin=&#8221;||0px||false|false&#8221; custom_padding=&#8221;||||false|false&#8221; global_colors_info=&#8221;{}&#8221;][\/et_pb_image][et_pb_image src=&#8221;https:\/\/annabelbetriu.com\/wp-content\/uploads\/2024\/11\/linea_vertical.svg&#8221; title_text=&#8221;linea_vertical&#8221; _builder_version=&#8221;4.27.2&#8243; _module_preset=&#8221;default&#8221; max_width=&#8221;1px&#8221; module_alignment=&#8221;center&#8221; height=&#8221;160px&#8221; custom_margin=&#8221;0px||20px||false|false&#8221; custom_padding=&#8221;0px||0px||false|false&#8221; global_colors_info=&#8221;{}&#8221;][\/et_pb_image][et_pb_image src=&#8221;https:\/\/annabelbetriu.com\/wp-content\/uploads\/2024\/11\/esquema42.svg&#8221; title_text=&#8221;esquema42&#8243; align=&#8221;center&#8221; _builder_version=&#8221;4.27.2&#8243; _module_preset=&#8221;default&#8221; module_alignment=&#8221;center&#8221; height=&#8221;250px&#8221; custom_margin=&#8221;||0px||false|false&#8221; custom_padding=&#8221;||||false|false&#8221; global_colors_info=&#8221;{}&#8221;][\/et_pb_image][\/et_pb_column][\/et_pb_row][et_pb_row _builder_version=&#8221;4.27.2&#8243; _module_preset=&#8221;default&#8221; max_width=&#8221;900px&#8221; global_colors_info=&#8221;{}&#8221;][et_pb_column type=&#8221;4_4&#8243; _builder_version=&#8221;4.27.2&#8243; _module_preset=&#8221;default&#8221; global_colors_info=&#8221;{}&#8221;][et_pb_text _builder_version=&#8221;4.27.2&#8243; _module_preset=&#8221;default&#8221; text_font=&#8221;&#8211;et_global_heading_font||||||||&#8221; text_text_color=&#8221;#807064&#8243; text_font_size=&#8221;1.1em&#8221; global_colors_info=&#8221;{}&#8221;]<\/p>\n<p>Si tu tamb\u00e9 necessites transitar situacions complexes o vols fer un proc\u00e9s de creixement personal millorant la teva seguretat, et vull ajudar a trobar les eines de com fer-ho.<\/p>\n<p>[\/et_pb_text][et_pb_button button_url=&#8221;@ET-DC@eyJkeW5hbWljIjp0cnVlLCJjb250ZW50IjoicG9zdF9saW5rX3VybF9wYWdlIiwic2V0dGluZ3MiOnsicG9zdF9pZCI6IjMzNzEzMSJ9fQ==@&#8221; button_text=&#8221;VULL SABER-NE M\u00c9S&#8221; button_alignment=&#8221;center&#8221; _builder_version=&#8221;4.27.2&#8243; _dynamic_attributes=&#8221;button_url&#8221; _module_preset=&#8221;default&#8221; custom_button=&#8221;on&#8221; button_text_size=&#8221;1.3em&#8221; button_text_color=&#8221;#FFFFFF&#8221; button_bg_color=&#8221;#7A9DA2&#8243; button_border_width=&#8221;0px&#8221; button_font=&#8221;&#8211;et_global_heading_font|300||on|||||&#8221; button_use_icon=&#8221;off&#8221; custom_margin=&#8221;60px||||false|false&#8221; custom_padding=&#8221;|40px||40px|false|true&#8221; global_colors_info=&#8221;{}&#8221;][\/et_pb_button][\/et_pb_column][\/et_pb_row][\/et_pb_section]<\/p>\n","protected":false},"excerpt":{"rendered":"<p>Soc l\u2019Annabel i t\u2019acompanyo a transitar moments dif\u00edcilsper sentir-te m\u00e9s segura de tu mateixa i valuosa.T\u2019ofereixo un espai que sigui refugi on acompanyar-te des de la compassi\u00f3,la seguretat i el respecte per superar moments dif\u00edcils i cr\u00e9ixer.He sigut testimoni de com el proc\u00e9s de ter\u00e0pia recolza, genera canvis i transforma. \u00a0Crec en la capacitat de [&hellip;]<\/p>\n","protected":false},"author":1,"featured_media":0,"parent":0,"menu_order":0,"comment_status":"closed","ping_status":"closed","template":"","meta":{"_et_pb_use_builder":"on","_et_pb_old_content":"","_et_gb_content_width":"","inline_featured_image":false,"footnotes":""},"class_list":["post-337099","page","type-page","status-publish","hentry"],"_links":{"self":[{"href":"https:\/\/annabelbetriu.com\/cast\/wp-json\/wp\/v2\/pages\/337099","targetHints":{"allow":["GET"]}}],"collection":[{"href":"https:\/\/annabelbetriu.com\/cast\/wp-json\/wp\/v2\/pages"}],"about":[{"href":"https:\/\/annabelbetriu.com\/cast\/wp-json\/wp\/v2\/types\/page"}],"author":[{"embeddable":true,"href":"https:\/\/annabelbetriu.com\/cast\/wp-json\/wp\/v2\/users\/1"}],"replies":[{"embeddable":true,"href":"https:\/\/annabelbetriu.com\/cast\/wp-json\/wp\/v2\/comments?post=337099"}],"version-history":[{"count":6,"href":"https:\/\/annabelbetriu.com\/cast\/wp-json\/wp\/v2\/pages\/337099\/revisions"}],"predecessor-version":[{"id":337810,"href":"https:\/\/annabelbetriu.com\/cast\/wp-json\/wp\/v2\/pages\/337099\/revisions\/337810"}],"wp:attachment":[{"href":"https:\/\/annabelbetriu.com\/cast\/wp-json\/wp\/v2\/media?parent=337099"}],"curies":[{"name":"wp","href":"https:\/\/api.w.org\/{rel}","templated":true}]}}