{"id":337523,"date":"2024-11-14T11:43:19","date_gmt":"2024-11-14T11:43:19","guid":{"rendered":"https:\/\/annabelbetriu.com\/?page_id=337523"},"modified":"2025-06-25T08:38:21","modified_gmt":"2025-06-25T08:38:21","slug":"avis-legal","status":"publish","type":"page","link":"https:\/\/annabelbetriu.com\/cast\/avis-legal\/","title":{"rendered":"Aviso legal"},"content":{"rendered":"<p>Actualitzaci\u00f3: 25 de juny de 2025<strong>\u00a0<\/strong><\/p>\n<h2>1. FINALIDAD Y PROPIEDAD DE LA WEB<\/h2>\n<p>Este aviso legal recoge las condiciones generales que regulan el acceso y uso de la p\u00e1gina web <a href=\"https:\/\/annabelbetriu.com\/cast\/\">https:\/\/annabelbetriu.com\/<\/a>, d&#8217;ara endavant &#8220;la WEB&#8221;, del qual \u00e9s titular i propiet\u00e0ria Annabel Betriu Xart, amb domicili a Avinguda Carlemany, 65, Planta 1, Local 13. Escaldes-Engordany (AD700) &#8211; Principat d&#8217;Andorra i amb el n\u00famero de registre tributari 180033J. El correu electr\u00f2nic de contacte \u00e9s <a href=\"mailto:info@annabelbetriu.com\">info@annabelbetriu.com<\/a> i el n\u00famero de tel\u00e8fon de contacte \u00e9s (+376) 692 784. L&#8217;acc\u00e9s a la WEB \u00e9s gratu\u00eft i la visualitzaci\u00f3 no requereix cap registre ni subscripci\u00f3 pr\u00e8via. A trav\u00e9s de la WEB es facilita informaci\u00f3 general dels nostres serveis.<\/p>\n<h2>2. ACEPTACI\u00d3N DE LOS T\u00c9RMINOS Y CONDICIONES DE USO DE LA WEB<\/h2>\n<p>El acceso a la WEB comporta la plena aceptaci\u00f3n por parte de sus usuarios de los t\u00e9rminos y condiciones de uso establecidos en este aviso legal, as\u00ed como la <a href=\"https:\/\/annabelbetriu.com\/cast\/politica-de-privacitat\/\">pol\u00edtica de privacidad<\/a> y la <a href=\"https:\/\/annabelbetriu.com\/cast\/politica-de-cookies-ue\/\">pol\u00edtica de cookies<\/a> que tamb\u00e9 es troben a la vostra disposici\u00f3 en aquest portal web. Aix\u00ed mateix, els usuaris s&#8217;obliguen a fer un \u00fas diligent de la WEB, segons la legislaci\u00f3 vigent, la bona fe i els bons costums, sense contravenir la moral i l&#8217;ordre p\u00fablic. No obstant, es reserva la facultat d&#8217;efectuar, sense previ av\u00eds, en qualsevol moment i amb efectes immediats, les modificacions i les actualitzacions peri\u00f2diques que considerem oportunes en els termes i condicions. Per tant, es recomana als usuaris de la WEB que revisin els termes i condicions peri\u00f2dicament.<\/p>\n<h2>3. PROPIEDAD INTELECTUAL SOBRE LOS CONTENIDOS<\/h2>\n<p>Tots els elements que apareixen a la WEB, sense limitaci\u00f3 (fotografies, m\u00fasica, sons, animacions, programari, textos, nom de domini, marques, informaci\u00f3 i contingut recopilat de tota la web, etc.), aix\u00ed com l&#8217;estructura, el disseny gr\u00e0fic i el codi font s\u00f3n de la nostra propietat, o si escau, de tercers que ens han cedit els drets d&#8217;\u00fas corresponents, i que l&#8217;usuari d&#8217;aquest lloc web ha de respectar, i que per tant estan protegits per la normativa de propietat intel\u00b7lectual. No es podran fer actes totals o parcials de reproducci\u00f3, publicaci\u00f3, tractament inform\u00e0tic, distribuci\u00f3, difusi\u00f3, transformaci\u00f3, compilaci\u00f3, modificaci\u00f3, distribuci\u00f3 o comunicaci\u00f3 p\u00fablica de la WEB sense el nostre consentiment previ i per escrit. L&#8217; acc\u00e9s per part de l&#8217;usuari als continguts i serveis de la WEB no implica cap dret quant a la seva transmissi\u00f3, cessi\u00f3, utilitzaci\u00f3, alteraci\u00f3, explotaci\u00f3, reproducci\u00f3, distribuci\u00f3 o comunicaci\u00f3 p\u00fablica, objecte de propietat intel\u00b7lectual, sense la pr\u00e8via i expressa autoritzaci\u00f3 espec\u00edficament atorgada a aquest efecte per part nostra o del tercer titular dels drets, si s\u2019escau. Els usuaris de la WEB nom\u00e9s podran fer un \u00fas privat i personal dels seus continguts, \u00e9s a dir, nom\u00e9s tindran dret a visualitzar i fer c\u00f2pies dels continguts per a \u00fas personal i exclusiu i hauran d&#8217;aplicar aquests drets en base als principis de bona fe i la normativa aplicable. Queda absolutament prohibit l&#8217;\u00fas de la WEB o qualsevol dels seus elements amb finalitats comercials o il\u00b7l\u00edcites. La utilitzaci\u00f3 no autoritzada de la informaci\u00f3 continguda en aquest Portal, aix\u00ed com els perjudicis ocasionats en els drets de propietat intel\u00b7lectual, poden donar lloc a l\u2019exercici de les accions legals pertinents i, si escau, a les responsabilitats derivades d\u2019aquest exercici. En cas que qualsevol usuari consideri que algun dels continguts d&#8217;aquest portal web vulnera drets o posicions jur\u00eddiques de tercers, ens ho haur\u00e0 de notificar immediatament mitjan\u00e7ant l&#8217;adre\u00e7a de correu electr\u00f2nic <a href=\"mailto:info@annabelbetriu.com\">info@annabelbetriu.com<\/a>,  para que se pueda analizar y valorar el supuesto de que se trate.<\/p>\n<h2>4. SERVICIOS Y PRODUCTOS DE LA WEB<\/h2>\n<p>La WEB pot contenir enlla\u00e7os a p\u00e0gines web alienes a la mateixa els quals es posen a disposici\u00f3 de l&#8217;usuari amb l&#8217;\u00fanica finalitat de facilitar-vos l&#8217;acc\u00e9s als continguts, productes o serveis que puguin ser del vostre inter\u00e8s i que no gestionem ni controlem en cap moment. La inclusi\u00f3 dels enlla\u00e7os a portals de tercers no implica en cap cas una vinculaci\u00f3 entre nosaltres i els titulars dels portals enlla\u00e7ats. No assumim cap tipus de responsabilitat directa o indirecta en relaci\u00f3 amb la licitud, veracitat, utilitat, qualitat o fiabilitat dels serveis i continguts propietat de tercers, o que aquests gestionin o controlin, encara que es pugui accedir a trav\u00e9s de la WEB. A tots els efectes legals, s&#8217;ent\u00e9n que qualsevol relaci\u00f3 contractual o extracontractual que l&#8217;usuari dugui a terme amb tercers contactats mitjan\u00e7ant la WEB es fa \u00fanica i exclusivament entre l&#8217;usuari i els tercers. L&#8217; usuari accepta que no tinguem cap responsabilitat sobre els danys o perjudicis de qualsevol naturalesa ocasionats amb motiu de les negociacions, converses o relacions contractuals o extracontractuals entre l&#8217;usuari i tercers contactats per mitj\u00e0 de la WEB. L&#8217; usuari haur\u00e0 de prendre coneixement de les indicacions, dels avisos o de les advert\u00e8ncies legals que els portals de tercers puguin establir pel seu \u00fas.<\/p>\n<h2>5. REDES SOCIALES<\/h2>\n<p>Los perfiles en redes sociales con los que contamos no supondr\u00e1n un tratamiento de datos m\u00e1s all\u00e1 de lo que la propia red social permita para perfiles corporativos. Podremos utilizar estos perfiles para informar a los usuarios de cada red social suscritos a nuestro perfil sobre las actividades, eventos, ofertas, promociones o novedades en nuestros productos o servicios, as\u00ed como compartir informaci\u00f3n de inter\u00e9s sobre las tem\u00e1ticas habituales de la entidad. No extraeremos ning\u00fan dato directamente de la red social.<\/p>\n<h2>6. LIMITACI\u00d3N DE RESPONSABILIDAD<\/h2>\n<p>No ens responsabilitzem dels danys i perjudicis produ\u00efts o que es puguin produir, de cap naturalesa, que derivin de l&#8217;\u00fas de la informaci\u00f3, del contingut de la WEB i dels programes que incorpora, i que poguessin ocasionar, a t\u00edtol enunciatiu i no limitatiu: errors o omissions en els continguts, manca de disponibilitat de la WEB o la transmissi\u00f3 de virus o programes maliciosos o lesius en els continguts, malgrat haver adoptat totes les mesures tecnol\u00f2giques necess\u00e0ries per evitar-ho . La informaci\u00f3 continguda a la WEB \u00e9s la vigent a la data de la darrera actualitzaci\u00f3, i no garantim l&#8217;abs\u00e8ncia d&#8217;errors en l&#8217;acc\u00e9s a la WEB ni en el contingut, per\u00f2 adoptarem les mesures pertinents per a evitar-los, corregir-los i\/o actualitzar-los tan aviat com es detectin. Ens reservem el dret de modificar i actualitzar la informaci\u00f3 de la WEB, la presentaci\u00f3 i la configuraci\u00f3 i les condicions d&#8217;acc\u00e9s sense necessitat de previ av\u00eds i en qualsevol moment. Aix\u00ed mateix, ens reservem el dret de modificar i\/o ometre total o parcialment els continguts de la WEB i restringir-ne l&#8217;acc\u00e9s. En cas que s&#8217;hagin de fer operacions de manteniment, reparaci\u00f3, actualitzaci\u00f3 o millora dels serveis, ens reservem el dret de suspendre temporalment i sense necessitat de previ av\u00eds l&#8217;acc\u00e9s a la WEB, aix\u00ed com el dret de prestaci\u00f3 o cancel\u00b7laci\u00f3 dels serveis, sense perjudici de posar-ho en coneixement dels usuaris, sempre que les circumst\u00e0ncies ho permetin. L&#8217; \u00fas d\u00b4aquesta WEB i la informaci\u00f3 que es facilita \u00e9s responsabilitat de l\u00b4usuari. Cap tercer no podr\u00e0 establir una relaci\u00f3 de framing entre les seves p\u00e0gines web i la WEB. Aix\u00ed mateix, no ens responsabilitzem del contingut de tercers als quals es pugui accedir mitjan\u00e7ant els enlla\u00e7os continguts a la WEB, com ja hem dit anteriorment. En cas que qualsevol usuari consideri que mitjan\u00e7ant algun dels dispositius t\u00e8cnics d&#8217;enlla\u00e7os, directoris o altres mitjans als quals es pugui tenir acc\u00e9s mitjan\u00e7ant aquesta WEB es vulnerin drets o posicions jur\u00eddiques de tercers, \u00a0ens ho haur\u00e0 de notificar immediatament mitjan\u00e7ant l&#8217;adre\u00e7a de correu electr\u00f2nic <a href=\"mailto:info@annabelbetriu.com\">info@annabelbetriu.com<\/a>,  para que se pueda analizar y valorar el supuesto de que se trate.<\/p>\n<h2>7. COMPROMISO<\/h2>\n<p>Nos comprometemos a no hacer publicidad enga\u00f1osa. En este sentido, no se considerar\u00e1n publicidad enga\u00f1osa los errores formales o num\u00e9ricos que se puedan encontrar en el contenido de las diferentes secciones de la WEB debido al mantenimiento y\/o de la actualizaci\u00f3n incompleta o defectuosa de la informaci\u00f3n contenida en estas secciones de la WEB como consecuencia de lo que se ha mencionado en este apartado. Nos comprometemos a corregir esta situaci\u00f3n tan pronto como tengamos constancia de dichos errores.<\/p>\n<h2>8. LEGISLACI\u00d3N Y JURISDICCI\u00d3N APLICABLE<\/h2>\n<p>Estas condiciones de acceso y uso quedan sujetas a la legislaci\u00f3n andorrana y a la competencia de sus tribunales.<\/p>","protected":false},"excerpt":{"rendered":"<p>Actualitzaci\u00f3: 25 de juny de 2025\u00a0 1. FINALITAT I PROPIETAT DE LA WEB Aquest av\u00eds legal recull les condicions generals que regulen l&#8217;acc\u00e9s i l&#8217;\u00fas de la p\u00e0gina web https:\/\/annabelbetriu.com\/, d&#8217;ara endavant &#8220;la WEB&#8221;, del qual \u00e9s titular i propiet\u00e0ria Annabel Betriu Xart, amb domicili a Avinguda Carlemany, 65, Planta 1, Local 13. Escaldes-Engordany (AD700) [&hellip;]<\/p>\n","protected":false},"author":1,"featured_media":0,"parent":0,"menu_order":0,"comment_status":"closed","ping_status":"closed","template":"","meta":{"_et_pb_use_builder":"off","_et_pb_old_content":"","_et_gb_content_width":"","inline_featured_image":false,"footnotes":""},"class_list":["post-337523","page","type-page","status-publish","hentry"],"_links":{"self":[{"href":"https:\/\/annabelbetriu.com\/cast\/wp-json\/wp\/v2\/pages\/337523","targetHints":{"allow":["GET"]}}],"collection":[{"href":"https:\/\/annabelbetriu.com\/cast\/wp-json\/wp\/v2\/pages"}],"about":[{"href":"https:\/\/annabelbetriu.com\/cast\/wp-json\/wp\/v2\/types\/page"}],"author":[{"embeddable":true,"href":"https:\/\/annabelbetriu.com\/cast\/wp-json\/wp\/v2\/users\/1"}],"replies":[{"embeddable":true,"href":"https:\/\/annabelbetriu.com\/cast\/wp-json\/wp\/v2\/comments?post=337523"}],"version-history":[{"count":5,"href":"https:\/\/annabelbetriu.com\/cast\/wp-json\/wp\/v2\/pages\/337523\/revisions"}],"predecessor-version":[{"id":337788,"href":"https:\/\/annabelbetriu.com\/cast\/wp-json\/wp\/v2\/pages\/337523\/revisions\/337788"}],"wp:attachment":[{"href":"https:\/\/annabelbetriu.com\/cast\/wp-json\/wp\/v2\/media?parent=337523"}],"curies":[{"name":"wp","href":"https:\/\/api.w.org\/{rel}","templated":true}]}}