{"id":337750,"date":"2025-01-24T10:56:07","date_gmt":"2025-01-24T10:56:07","guid":{"rendered":"https:\/\/annabelbetriu.com\/?page_id=337750"},"modified":"2025-06-25T08:36:19","modified_gmt":"2025-06-25T08:36:19","slug":"politica-de-privacitat","status":"publish","type":"page","link":"https:\/\/annabelbetriu.com\/cast\/politica-de-privacitat\/","title":{"rendered":"Pol\u00edtica de privacidad"},"content":{"rendered":"<p>Actualitzaci\u00f3: 25 de juny de 2025<\/p>\n<p>La confidencialidad y seguridad son valores primordiales de nuestra entidad y, en consecuencia, asumimos el compromiso de garantizar la privacidad del usuario en todo momento y de no recabar informaci\u00f3n innecesaria. A continuaci\u00f3n, le proporcionamos toda la informaci\u00f3n necesaria sobre nuestra Pol\u00edtica de Privacidad en relaci\u00f3n con los datos personales que recabamos:<\/p>\n<h2>1. RESPONSABLE DEL TRATAMIENTO<\/h2>\n<p><strong>Titular:<\/strong> Annabel Betriu Xart<\/p>\n<p><strong>Domicilio:<\/strong> Avinguda Carlemany, 65, Planta 1, Local 13. Escaldes-Engordany (AD700)<\/p>\n<p><strong>NRT:<\/strong> 180033J<\/p>\n<p><strong>Tel\u00e9fono:<\/strong> (+376) 692 784<\/p>\n<p><strong>E-mail:<\/strong> <a href=\"mailto:info@annabelbetriu.com\">info@annabelbetriu.com<\/a><\/p>\n<h2>2. FINALIDADES DEL TRATAMIENTO DE LOS DATOS PERSONALES<\/h2>\n<p>2. FINALIDADES DEL TRATAMIENTO DE LOS DATOS PERSONALES<\/p>\n<p><u>Datos enviados a trav\u00e9s del Formulario de contacto<\/u>:<\/p>\n<p>FINALIDAD: Facilitar un medio para ponerse en contacto conmigo y responder a sus solicitudes de informaci\u00f3n, as\u00ed como enviarle comunicaciones de mis productos, servicios y actividades, incluso por medios electr\u00f3nicos (correo electr\u00f3nico, SMS , etc.), si marca la casilla de aceptaci\u00f3n.<\/p>\n<p><u>Datos enviados a trav\u00e9s de correos electr\u00f3nicos<\/u>:<\/p>\n<p>FINALIDAD: Responder a sus solicitudes de informaci\u00f3n, atender sus peticiones y responder a sus consultas o dudas.<\/p>\n<p>Atendiendo a las finalidades anteriormente mencionadas, se tratar\u00e1 las siguientes categor\u00edas de datos personales:<\/p>\n<ul>\n<li>Datos identificativos: nombre, tel\u00e9fono y correo electr\u00f3nico<\/li>\n<\/ul>\n<p>El usuario garantiza en todo momento que los datos personales que aporte son verdaderos, exactos y actualizados, siendo responsable de cualquier da\u00f1o o perjuicio, directo o indirecto, que pueda ocasionarse como consecuencia del incumplimiento de esta obligaci\u00f3n. En aquellos supuestos en que el usuario facilite datos de terceros, manifiesta disponer del consentimiento de \u00e9stos y se compromete a trasladar la informaci\u00f3n contenida en esta Pol\u00edtica de Privacidad, eximiendo a esta entidad de cualquier responsabilidad en este sentido. No obstante, se podr\u00e1n realizar las verificaciones que se consideren adecuadas para constatar este hecho, adoptando las medidas de diligencia debidas que correspondan de conformidad con la normativa de protecci\u00f3n de datos personales vigente en cada momento.<\/p>\n<p>El suministro de datos personales requiere una edad m\u00ednima de 14 a\u00f1os o, en su caso, la edad m\u00ednima que establezca la normativa de protecci\u00f3n de datos aplicable y\/o disponer de capacidad jur\u00eddica suficiente para contratar.<\/p>\n<p>Los datos personales solicitados son necesarios para gestionar sus solicitudes, darle de alta como usuario y\/o prestarle los servicios que pueda contratar, por lo que, si no nos los facilita, no podremos atenderle correctamente ni prestarle el servicio que ha solicitado.<\/p>\n<p>En todo caso, nos reservamos el derecho de decidir sobre la incorporaci\u00f3n o no de sus datos personales y dem\u00e1s informaci\u00f3n a nuestras bases de datos.<\/p>\n<h2>3. LEGITIMACI\u00d3N POR EL TRATAMIENTO DE LOS DATOS PERSONALES<\/h2>\n<p>La legitimaci\u00f3 per part de la nostra entitat per dur a terme el tractament de les dades personals \u00e9s el consentiment de l&#8217;usuari, sol\u00b7licitat per al cas concret.<\/p>\n<p>La legitimaci\u00f3n por parte de nuestra entidad para realizar el tratamiento de los datos personales es el consentimiento del usuario, solicitado para el caso concreto.<\/p>\n<h2>4. CONSERVACI\u00d3N DE LOS DATOS PERSONALES<\/h2>\n<p>Se conservar\u00e1n sus datos personales \u00fanicamente durante el per\u00edodo de tiempo necesario para la realizaci\u00f3n de los fines por los que fueron recogidos y en aquellos casos en que sea necesario, sus datos personales e informaci\u00f3n quedar\u00e1n bloqueados durante los plazos legalmente establecidos.<\/p>\n<h2>5. CATEGOR\u00cdAS DE DESTINATARIOS Y TRANSFERENCIAS INTERNACIONALES<\/h2>\n<p>Por norma general, sus datos no se pasar\u00e1n a terceros si no contamos con su consentimiento expreso para ello o en caso de obligaci\u00f3n legal. Para conseguir las finalidades anteriormente mencionadas, y s\u00f3lo cuando as\u00ed sea necesario, sus datos personales se pueden transmitir a:<\/p>\n<ul>\n<li>Encargados de tratamiento que deban procesar sus datos personales en relaci\u00f3n con la finalidad de que se trate, lo que realizar\u00e1n seg\u00fan las instrucciones de esta entidad y de conformidad con esta pol\u00edtica de privacidad y cualquier medida de seguridad y de confidencialidad apropiada que se establezca.<\/li>\n<\/ul>\n<p>No hacemos transferencias internacionales de datos personales.<\/p>\n<h2>6. No hacemos transferencias internacionales de datos personales.<\/h2>\n<p>En cumplimiento de la Ley 29\/2021, de 28 de octubre, calificada de Protecci\u00f3n de Datos Personales, le informamos que dispone de los derechos de acceso, rectificaci\u00f3n, limitaci\u00f3n del tratamiento, portabilidad, supresi\u00f3n y oposici\u00f3n de sus datos personales, reconocidos en la citada normativa. Para ejercerlos debe enviar una comunicaci\u00f3n escrita y firmada a la direcci\u00f3n de correo electr\u00f3nico <a href=\"mailto:info@annabelbetriu.com\">info@annabelbetriu.com<\/a>, a la que debe adjuntar una copia de su pasaporte u otro documento nacional de identidad.<\/p>\n<p>Ante cualquier vulneraci\u00f3n de sus derechos, especialmente cuando no ha obtenido satisfacci\u00f3n en su ejercicio, puede presentar una reclamaci\u00f3n ante la Agencia Andorrana de Protecci\u00f3n de Datos<a href=\"http:\/\/www.apda.ad\" rel=\"nofollow noopener\" target=\"_blank\">www.apda.ad<\/a>). Tambi\u00e9n puede obtener m\u00e1s informaci\u00f3n sobre los derechos que le asisten dirigi\u00e9ndose a este organismo.<\/p>\n<h2>7. SEGURIDAD<\/h2>\n<p>Le garantizamos que el tratamiento que llevaremos a cabo de sus datos personales est\u00e1 sometido al m\u00e1s estricto deber de confidencialidad, y que se han establecido las medidas necesarias, tanto t\u00e9cnicas como organizativas, para garantizar la seguridad de sus datos personales y evitarlo la alteraci\u00f3n, mal uso, p\u00e9rdida, robo y tratamiento y\/o acceso no autorizado.<\/p>\n<h2>8. CAMBIOS EN LA POL\u00cdTICA DE PRIVACIDAD<\/h2>\n<p>Esta Pol\u00edtica de Privacidad est\u00e1 sujeta a modificaciones peri\u00f3dicas de conformidad con la legislaci\u00f3n aplicable en cada momento. Por eso, le recomendamos que consulte peri\u00f3dicamente esta Pol\u00edtica de Privacidad.<\/p>","protected":false},"excerpt":{"rendered":"<p>Actualitzaci\u00f3: 25 de juny de 2025 La confidencialitat i la seguretat s\u00f3n valors primordials de la nostra entitat i, en conseq\u00fc\u00e8ncia, assumim el comprom\u00eds de garantir la privacitat de l&#8217;usuari en tot moment i de no recaptar informaci\u00f3 innecess\u00e0ria. A continuaci\u00f3, li proporcionem tota la informaci\u00f3 necess\u00e0ria sobre la nostra Pol\u00edtica de Privacitat en relaci\u00f3 [&hellip;]<\/p>\n","protected":false},"author":1,"featured_media":0,"parent":0,"menu_order":0,"comment_status":"closed","ping_status":"closed","template":"","meta":{"_et_pb_use_builder":"","_et_pb_old_content":"","_et_gb_content_width":"","inline_featured_image":false,"footnotes":""},"class_list":["post-337750","page","type-page","status-publish","hentry"],"_links":{"self":[{"href":"https:\/\/annabelbetriu.com\/cast\/wp-json\/wp\/v2\/pages\/337750","targetHints":{"allow":["GET"]}}],"collection":[{"href":"https:\/\/annabelbetriu.com\/cast\/wp-json\/wp\/v2\/pages"}],"about":[{"href":"https:\/\/annabelbetriu.com\/cast\/wp-json\/wp\/v2\/types\/page"}],"author":[{"embeddable":true,"href":"https:\/\/annabelbetriu.com\/cast\/wp-json\/wp\/v2\/users\/1"}],"replies":[{"embeddable":true,"href":"https:\/\/annabelbetriu.com\/cast\/wp-json\/wp\/v2\/comments?post=337750"}],"version-history":[{"count":3,"href":"https:\/\/annabelbetriu.com\/cast\/wp-json\/wp\/v2\/pages\/337750\/revisions"}],"predecessor-version":[{"id":337786,"href":"https:\/\/annabelbetriu.com\/cast\/wp-json\/wp\/v2\/pages\/337750\/revisions\/337786"}],"wp:attachment":[{"href":"https:\/\/annabelbetriu.com\/cast\/wp-json\/wp\/v2\/media?parent=337750"}],"curies":[{"name":"wp","href":"https:\/\/api.w.org\/{rel}","templated":true}]}}